{"id":12,"date":"2015-02-12T13:52:36","date_gmt":"2015-02-12T13:52:36","guid":{"rendered":"http:\/\/giulianozampieri.com.br\/blog\/?page_id=12"},"modified":"2023-04-20T18:47:03","modified_gmt":"2023-04-20T18:47:03","slug":"contato","status":"publish","type":"page","link":"https:\/\/giulianozampieri.com.br\/blog\/contato\/","title":{"rendered":"Contato"},"content":{"rendered":"<div  class=\"tatsu-SJZ4Yzbym2 tatsu-section  tatsu-bg-overlay   tatsu-clearfix\" data-title=\"\"  data-headerscheme=\"background--dark\"><div class='tatsu-section-pad clearfix' data-padding='{\"d\":\"80px 0px 80px 0px\"}' data-padding-top='80px'><div class=\"tatsu-row-wrap  tatsu-wrap tatsu-row-one-col tatsu-row-has-one-cols tatsu-medium-gutter tatsu-reg-cols  tatsu-clearfix tatsu-S1g4KGb17n\" ><div  class=\"tatsu-row \" ><div  class=\"tatsu-column  tatsu-bg-overlay tatsu-one-col tatsu-column-image-none tatsu-column-effect-none  tatsu-ryNYfbkm2\"  data-parallax-speed=\"0\" style=\"\"><div class=\"tatsu-column-inner \" ><div class=\"tatsu-column-pad-wrap\"><div class=\"tatsu-column-pad\" ><div  class=\"tatsu-module tatsu-inline-text clearfix tatsu-Sy0RHWymn   \" ><style>.tatsu-Sy0RHWymn .tatsu-inline-text-inner{width: 100%;text-align: center;}@media only screen and (max-width: 767px) {.tatsu-Sy0RHWymn .tatsu-inline-text-inner{width: 100%;}}<\/style><div class=\"tatsu-inline-text-inner tatsu-align-center\">\n<h1><span class=\"swatch-HyLd1aHWS\">CONTATO<\/span><\/h1>\n<\/div><\/div><\/div><\/div><div class = \"tatsu-column-bg-image-wrap\"><div class = \"tatsu-column-bg-image\" ><\/div><\/div><div class=\"tatsu-overlay tatsu-column-overlay tatsu-animate-none\" ><\/div><\/div><style>.tatsu-row > .tatsu-ryNYfbkm2.tatsu-column{width: 100%;}.tatsu-ryNYfbkm2.tatsu-column > .tatsu-column-inner > .tatsu-column-overlay{mix-blend-mode: normal;}.tatsu-ryNYfbkm2 > .tatsu-column-inner > .tatsu-top-divider{z-index: 9999;}.tatsu-ryNYfbkm2 > .tatsu-column-inner > .tatsu-bottom-divider{z-index: 9999;}.tatsu-ryNYfbkm2 > .tatsu-column-inner > .tatsu-left-divider{z-index: 9999;}.tatsu-ryNYfbkm2 > .tatsu-column-inner > .tatsu-right-divider{z-index: 9999;}@media only screen and (max-width:1377px) {.tatsu-row > .tatsu-ryNYfbkm2.tatsu-column{width: 100%;}}@media only screen and (min-width:768px) and (max-width: 1024px) {.tatsu-row > .tatsu-ryNYfbkm2.tatsu-column{width: 100%;}}@media only screen and (max-width: 767px) {.tatsu-row > .tatsu-ryNYfbkm2.tatsu-column{width: 100%;}}<\/style><\/div><\/div><\/div><\/div><div class=\"tatsu-section-background-wrap\"><div class = \"tatsu-section-background\" ><\/div><\/div><div class=\"tatsu-overlay tatsu-section-overlay\"><\/div><style>.tatsu-SJZ4Yzbym2.tatsu-section{background-color: rgba(0,0,0,1);}.tatsu-SJZ4Yzbym2 .tatsu-section-pad{padding: 80px 0px 80px 0px;}.tatsu-SJZ4Yzbym2 .tatsu-section-offset-wrap{transform: translateY(-0px);}.tatsu-SJZ4Yzbym2 > .tatsu-bottom-divider{z-index: 9999;}.tatsu-SJZ4Yzbym2 > .tatsu-top-divider{z-index: 9999;}.tatsu-SJZ4Yzbym2 .tatsu-section-overlay{mix-blend-mode: normal;}<\/style><\/div><div  class=\"tatsu-hd6py9c3cx77omwm tatsu-section  tatsu-bg-overlay   tatsu-clearfix\" data-title=\"\"  data-headerscheme=\"background--dark\"><div class='tatsu-section-pad clearfix' data-padding='{\"d\":\"90px 0px 15px 0px\"}' data-padding-top='90px'><div class=\"tatsu-row-wrap  tatsu-wrap tatsu-row-has-one-half tatsu-row-has-two-cols tatsu-medium-gutter tatsu-reg-cols  tatsu-clearfix tatsu-hd6py9c3f16jw9iq\" ><div  class=\"tatsu-row \" ><div  class=\"tatsu-column  tatsu-bg-overlay tatsu-one-half tatsu-column-image-none tatsu-column-effect-none  tatsu-By6eLb1Qn\"  data-parallax-speed=\"0\" style=\"\"><div class=\"tatsu-column-inner \" ><div class=\"tatsu-column-pad-wrap\"><div class=\"tatsu-column-pad\" ><div  class=\"tatsu-module tatsu-text-block-wrap tatsu-hd6py9c3hkbzw10j  \"><div class=\"tatsu-text-inner tatsu-align-center  clearfix\" ><style>.tatsu-hd6py9c3hkbzw10j.tatsu-text-block-wrap .tatsu-text-inner{width: 100%;text-align: left;}<\/style>\n<p>Professor de Dan\u00e7a de Sal\u00e3o e <em>Personal Dancer<\/em> em Curitiba, Paran\u00e1.<\/p>\n<\/div><\/div>            <div  class = \"tatsu-module tatsu-icon_card  tatsu-B1lovbkX2   tatsu-icon_card-type-icon tatsu-icon_card-style1 tatsu-icon_card-align-left tatsu-icon_card-vertical-align-top tatsu-icon_medium\" >\n                <style>.tatsu-B1lovbkX2 .tatsu-icon{color: rgba(192,13,13,1) ;}.tatsu-B1lovbkX2.tatsu-module{margin: 0px 0px 10px 0px;}<\/style>                                    <div class = \"tatsu-icon_card-icon \">\n                                                    <i aria-label = \"  whatsapp\" class = \"tatsu-icon tatsu-icon-whatsapp\">\n                            <\/i>\n                                            <\/div>\n                                                    <div class = \"tatsu-icon_card-title-caption\">\n                                                    <div class = \"tatsu-icon_card-title h6\">\n\t\t\t\t\t\t\t                                <a href = \"https:\/\/api.whatsapp.com\/send?phone=5541999486980&text=Ol%C3%A1\"  >\n                                    (41) 99948-6980                                <\/a>\n\t\t\t\t\t\t\t                            <\/div>\n                                                                    <\/div>\n                            <\/div>\n                <div  class = \"tatsu-module tatsu-icon_card  tatsu-S1uydZyQ2   tatsu-icon_card-type-icon tatsu-icon_card-style1 tatsu-icon_card-align-left tatsu-icon_card-vertical-align-top tatsu-icon_medium\" >\n                <style>.tatsu-S1uydZyQ2 .tatsu-icon{color: rgba(192,13,13,1) ;}.tatsu-S1uydZyQ2.tatsu-module{margin: 0 0 30px 0;}<\/style>                                    <div class = \"tatsu-icon_card-icon \">\n                                                    <i aria-label = \"  mail1\" class = \"tatsu-icon tatsu-icon-mail1\">\n                            <\/i>\n                                            <\/div>\n                                                    <div class = \"tatsu-icon_card-title-caption\">\n                                                    <div class = \"tatsu-icon_card-title h6\">\n\t\t\t\t\t\t\t                                <a href = \"mailto:giupaolo@gmail.com\"  >\n                                    giupaolo@gmail.com                                <\/a>\n\t\t\t\t\t\t\t                            <\/div>\n                                                                    <\/div>\n                            <\/div>\n    <\/div><\/div><div class = \"tatsu-column-bg-image-wrap\"><div class = \"tatsu-column-bg-image\" ><\/div><\/div><div class=\"tatsu-overlay tatsu-column-overlay tatsu-animate-none\" ><\/div><\/div><style>.tatsu-row > .tatsu-By6eLb1Qn.tatsu-column{width: 50%;}.tatsu-By6eLb1Qn.tatsu-column > .tatsu-column-inner > .tatsu-column-overlay{mix-blend-mode: normal;}.tatsu-By6eLb1Qn > .tatsu-column-inner > .tatsu-top-divider{z-index: 9999;}.tatsu-By6eLb1Qn > .tatsu-column-inner > .tatsu-bottom-divider{z-index: 9999;}.tatsu-By6eLb1Qn > .tatsu-column-inner > .tatsu-left-divider{z-index: 9999;}.tatsu-By6eLb1Qn > .tatsu-column-inner > .tatsu-right-divider{z-index: 9999;}@media only screen and (max-width:1377px) {.tatsu-row > .tatsu-By6eLb1Qn.tatsu-column{width: 50%;}}@media only screen and (min-width:768px) and (max-width: 1024px) {.tatsu-row > .tatsu-By6eLb1Qn.tatsu-column{width: 50%;}}@media only screen and (max-width: 767px) {.tatsu-row > .tatsu-By6eLb1Qn.tatsu-column{width: 100%;}}<\/style><\/div><div  class=\"tatsu-column  tatsu-bg-overlay tatsu-one-half tatsu-column-align-top tatsu-column-image-none tatsu-column-effect-none  tatsu-rkg6e8W1X2\"  data-parallax-speed=\"0\" style=\"\"><div class=\"tatsu-column-inner \" ><div class=\"tatsu-column-pad-wrap\"><div class=\"tatsu-column-pad\" ><div  class=\"tatsu-single-image tatsu-module tatsu-image-lazyload tatsu-ryMw_-1X3  \" ><div class=\"tatsu-single-image-inner \" style=\"width : 1280px;\" ><div class = \"tatsu-single-image-padding-wrap\" style = \"padding-bottom : 75%;\" ><\/div><img class = \"tatsu-gradient-border\" alt = \"\" title = \"IMG-20170804-WA0009\" data-src = \"https:\/\/giulianozampieri.com.br\/blog\/wp-content\/uploads\/2015\/02\/IMG-20170804-WA0009-1.jpg\" src =\"data:image\/png;base64,iVBORw0KGgoAAAANSUhEUgAAAAEAAAABCAQAAAC1HAwCAAAAC0lEQVR42mNkYAAAAAYAAjCB0C8AAAAASUVORK5CYII=\"  \/><\/div><style>.tatsu-ryMw_-1X3{margin: 0px 0 0 0;}.tatsu-ryMw_-1X3 .tatsu-single-image-inner{border-style: solid;max-width: 100%;}.tatsu-ryMw_-1X3.tatsu-single-image{transform: translate3d(0px,0px, 0);}<\/style><\/div><div  class=\"tatsu-single-image tatsu-module tatsu-image-lazyload tatsu-B1lOOby72  \" ><div class=\"tatsu-single-image-inner \" style=\"width : 1280px;\" ><div class = \"tatsu-single-image-padding-wrap\" style = \"padding-bottom : 75%;\" ><\/div><img class = \"tatsu-gradient-border\" alt = \"\" title = \"thumbnail_P_20170811_201641\" data-src = \"https:\/\/giulianozampieri.com.br\/blog\/wp-content\/uploads\/2015\/02\/thumbnail_P_20170811_201641-1.jpg\" src =\"data:image\/png;base64,iVBORw0KGgoAAAANSUhEUgAAAAEAAAABCAQAAAC1HAwCAAAAC0lEQVR42mNkYAAAAAYAAjCB0C8AAAAASUVORK5CYII=\"  \/><\/div><style>.tatsu-B1lOOby72{margin: 0px 0 0 0;}.tatsu-B1lOOby72 .tatsu-single-image-inner{border-style: solid;max-width: 100%;}.tatsu-B1lOOby72.tatsu-single-image{transform: translate3d(0px,0px, 0);}<\/style><\/div><div  class=\"tatsu-single-image tatsu-module tatsu-image-lazyload tatsu-external-image tatsu-SyG4wbkQ3  \" ><div class=\"tatsu-single-image-inner \" style=\"\" ><div class = \"tatsu-single-image-padding-wrap\" style = \"\" ><\/div><img class = \"tatsu-gradient-border\" data-src = \"\" alt =\" \"  src =\"data:image\/png;base64,iVBORw0KGgoAAAANSUhEUgAAAAEAAAABCAQAAAC1HAwCAAAAC0lEQVR42mNkYAAAAAYAAjCB0C8AAAAASUVORK5CYII=\"  \/><\/div><style>.tatsu-SyG4wbkQ3 .tatsu-single-image-inner{border-style: solid;max-width: 100%;}.tatsu-SyG4wbkQ3.tatsu-single-image{transform: translate3d(0px,0px, 0);}<\/style><\/div><\/div><\/div><div class = \"tatsu-column-bg-image-wrap\"><div class = \"tatsu-column-bg-image\" ><\/div><\/div><div class=\"tatsu-overlay tatsu-column-overlay tatsu-animate-none\" ><\/div><\/div><style>.tatsu-row > .tatsu-rkg6e8W1X2.tatsu-column{width: 50%;}.tatsu-rkg6e8W1X2.tatsu-column > .tatsu-column-inner > .tatsu-column-overlay{mix-blend-mode: normal;}.tatsu-rkg6e8W1X2 > .tatsu-column-inner > .tatsu-top-divider{z-index: 9999;}.tatsu-rkg6e8W1X2 > .tatsu-column-inner > .tatsu-bottom-divider{z-index: 9999;}.tatsu-rkg6e8W1X2 > .tatsu-column-inner > .tatsu-left-divider{z-index: 9999;}.tatsu-rkg6e8W1X2 > .tatsu-column-inner > .tatsu-right-divider{z-index: 9999;}@media only screen and (max-width:1377px) {.tatsu-row > .tatsu-rkg6e8W1X2.tatsu-column{width: 50%;}}@media only screen and (min-width:768px) and (max-width: 1024px) {.tatsu-row > .tatsu-rkg6e8W1X2.tatsu-column{width: 50%;}}@media only screen and (max-width: 767px) {.tatsu-row > .tatsu-rkg6e8W1X2.tatsu-column{width: 100%;}}<\/style><\/div><\/div><\/div><\/div><div class=\"tatsu-section-background-wrap\"><div class = \"tatsu-section-background\" ><\/div><\/div><div class=\"tatsu-overlay tatsu-section-overlay\"><\/div><style>.tatsu-hd6py9c3cx77omwm .tatsu-section-pad{padding: 90px 0px 15px 0px;}.tatsu-hd6py9c3cx77omwm > .tatsu-bottom-divider{z-index: 9999;}.tatsu-hd6py9c3cx77omwm > .tatsu-top-divider{z-index: 9999;}.tatsu-hd6py9c3cx77omwm .tatsu-section-overlay{mix-blend-mode: normal;}<\/style><\/div>\n","protected":false},"excerpt":{"rendered":"<div><a href=\"https:\/\/giulianozampieri.com.br\/blog\/contato\/\" class=\"exp-read-more exp-read-more-underlined\">SAIBA MAIS<\/a><\/div>\n","protected":false},"author":1,"featured_media":0,"parent":0,"menu_order":0,"comment_status":"open","ping_status":"open","template":"","meta":{"footnotes":""},"class_list":["post-12","page","type-page","status-publish","hentry"],"yoast_head":"<!-- This site is optimized with the Yoast SEO plugin v27.2 - https:\/\/yoast.com\/product\/yoast-seo-wordpress\/ -->\n<title>Contato - Giuliano Zampieri \/ Dan\u00e7a \/ Curitiba \/ Paran\u00e1<\/title>\n<meta name=\"robots\" content=\"index, follow, max-snippet:-1, max-image-preview:large, max-video-preview:-1\" \/>\n<link rel=\"canonical\" href=\"https:\/\/giulianozampieri.com.br\/blog\/contato\/\" \/>\n<meta property=\"og:locale\" content=\"pt_BR\" \/>\n<meta property=\"og:type\" content=\"article\" \/>\n<meta property=\"og:title\" content=\"Contato - Giuliano Zampieri \/ Dan\u00e7a \/ Curitiba \/ Paran\u00e1\" \/>\n<meta property=\"og:description\" content=\"SAIBA MAIS\" \/>\n<meta property=\"og:url\" content=\"https:\/\/giulianozampieri.com.br\/blog\/contato\/\" \/>\n<meta property=\"og:site_name\" content=\"Giuliano Zampieri \/ Dan\u00e7a \/ Curitiba \/ Paran\u00e1\" \/>\n<meta property=\"article:modified_time\" content=\"2023-04-20T18:47:03+00:00\" \/>\n<meta name=\"twitter:card\" content=\"summary_large_image\" \/>\n<meta name=\"twitter:label1\" content=\"Est. tempo de leitura\" \/>\n\t<meta name=\"twitter:data1\" content=\"2 minutos\" \/>\n<script type=\"application\/ld+json\" class=\"yoast-schema-graph\">{\"@context\":\"https:\/\/schema.org\",\"@graph\":[{\"@type\":\"WebPage\",\"@id\":\"https:\/\/giulianozampieri.com.br\/blog\/contato\/\",\"url\":\"https:\/\/giulianozampieri.com.br\/blog\/contato\/\",\"name\":\"Contato - Giuliano Zampieri \/ Dan\u00e7a \/ Curitiba \/ Paran\u00e1\",\"isPartOf\":{\"@id\":\"https:\/\/giulianozampieri.com.br\/blog\/#website\"},\"datePublished\":\"2015-02-12T13:52:36+00:00\",\"dateModified\":\"2023-04-20T18:47:03+00:00\",\"breadcrumb\":{\"@id\":\"https:\/\/giulianozampieri.com.br\/blog\/contato\/#breadcrumb\"},\"inLanguage\":\"pt-BR\",\"potentialAction\":[{\"@type\":\"ReadAction\",\"target\":[\"https:\/\/giulianozampieri.com.br\/blog\/contato\/\"]}]},{\"@type\":\"BreadcrumbList\",\"@id\":\"https:\/\/giulianozampieri.com.br\/blog\/contato\/#breadcrumb\",\"itemListElement\":[{\"@type\":\"ListItem\",\"position\":1,\"name\":\"In\u00edcio\",\"item\":\"https:\/\/giulianozampieri.com.br\/blog\/\"},{\"@type\":\"ListItem\",\"position\":2,\"name\":\"Contato\"}]},{\"@type\":\"WebSite\",\"@id\":\"https:\/\/giulianozampieri.com.br\/blog\/#website\",\"url\":\"https:\/\/giulianozampieri.com.br\/blog\/\",\"name\":\"Giuliano Zampieri \/ Dan\u00e7a \/ Curitiba \/ Paran\u00e1\",\"description\":\"Professor de Dan\u00e7a de Sal\u00e3o e Personal Dancer em Curitiba, Paran\u00e1.\",\"publisher\":{\"@id\":\"https:\/\/giulianozampieri.com.br\/blog\/#organization\"},\"potentialAction\":[{\"@type\":\"SearchAction\",\"target\":{\"@type\":\"EntryPoint\",\"urlTemplate\":\"https:\/\/giulianozampieri.com.br\/blog\/?s={search_term_string}\"},\"query-input\":{\"@type\":\"PropertyValueSpecification\",\"valueRequired\":true,\"valueName\":\"search_term_string\"}}],\"inLanguage\":\"pt-BR\"},{\"@type\":\"Organization\",\"@id\":\"https:\/\/giulianozampieri.com.br\/blog\/#organization\",\"name\":\"Giuliano Zampieri \/ Dan\u00e7a \/ Curitiba \/ Paran\u00e1\",\"url\":\"https:\/\/giulianozampieri.com.br\/blog\/\",\"logo\":{\"@type\":\"ImageObject\",\"inLanguage\":\"pt-BR\",\"@id\":\"https:\/\/giulianozampieri.com.br\/blog\/#\/schema\/logo\/image\/\",\"url\":\"https:\/\/giulianozampieri.com.br\/blog\/wp-content\/uploads\/2023\/04\/cropped-cropped-giulianozampieri-marca.png\",\"contentUrl\":\"https:\/\/giulianozampieri.com.br\/blog\/wp-content\/uploads\/2023\/04\/cropped-cropped-giulianozampieri-marca.png\",\"width\":100,\"height\":100,\"caption\":\"Giuliano Zampieri \/ Dan\u00e7a \/ Curitiba \/ Paran\u00e1\"},\"image\":{\"@id\":\"https:\/\/giulianozampieri.com.br\/blog\/#\/schema\/logo\/image\/\"}}]}<\/script>\n<!-- \/ Yoast SEO plugin. -->","yoast_head_json":{"title":"Contato - Giuliano Zampieri \/ Dan\u00e7a \/ Curitiba \/ Paran\u00e1","robots":{"index":"index","follow":"follow","max-snippet":"max-snippet:-1","max-image-preview":"max-image-preview:large","max-video-preview":"max-video-preview:-1"},"canonical":"https:\/\/giulianozampieri.com.br\/blog\/contato\/","og_locale":"pt_BR","og_type":"article","og_title":"Contato - Giuliano Zampieri \/ Dan\u00e7a \/ Curitiba \/ Paran\u00e1","og_description":"SAIBA MAIS","og_url":"https:\/\/giulianozampieri.com.br\/blog\/contato\/","og_site_name":"Giuliano Zampieri \/ Dan\u00e7a \/ Curitiba \/ Paran\u00e1","article_modified_time":"2023-04-20T18:47:03+00:00","twitter_card":"summary_large_image","twitter_misc":{"Est. tempo de leitura":"2 minutos"},"schema":{"@context":"https:\/\/schema.org","@graph":[{"@type":"WebPage","@id":"https:\/\/giulianozampieri.com.br\/blog\/contato\/","url":"https:\/\/giulianozampieri.com.br\/blog\/contato\/","name":"Contato - Giuliano Zampieri \/ Dan\u00e7a \/ Curitiba \/ Paran\u00e1","isPartOf":{"@id":"https:\/\/giulianozampieri.com.br\/blog\/#website"},"datePublished":"2015-02-12T13:52:36+00:00","dateModified":"2023-04-20T18:47:03+00:00","breadcrumb":{"@id":"https:\/\/giulianozampieri.com.br\/blog\/contato\/#breadcrumb"},"inLanguage":"pt-BR","potentialAction":[{"@type":"ReadAction","target":["https:\/\/giulianozampieri.com.br\/blog\/contato\/"]}]},{"@type":"BreadcrumbList","@id":"https:\/\/giulianozampieri.com.br\/blog\/contato\/#breadcrumb","itemListElement":[{"@type":"ListItem","position":1,"name":"In\u00edcio","item":"https:\/\/giulianozampieri.com.br\/blog\/"},{"@type":"ListItem","position":2,"name":"Contato"}]},{"@type":"WebSite","@id":"https:\/\/giulianozampieri.com.br\/blog\/#website","url":"https:\/\/giulianozampieri.com.br\/blog\/","name":"Giuliano Zampieri \/ Dan\u00e7a \/ Curitiba \/ Paran\u00e1","description":"Professor de Dan\u00e7a de Sal\u00e3o e Personal Dancer em Curitiba, Paran\u00e1.","publisher":{"@id":"https:\/\/giulianozampieri.com.br\/blog\/#organization"},"potentialAction":[{"@type":"SearchAction","target":{"@type":"EntryPoint","urlTemplate":"https:\/\/giulianozampieri.com.br\/blog\/?s={search_term_string}"},"query-input":{"@type":"PropertyValueSpecification","valueRequired":true,"valueName":"search_term_string"}}],"inLanguage":"pt-BR"},{"@type":"Organization","@id":"https:\/\/giulianozampieri.com.br\/blog\/#organization","name":"Giuliano Zampieri \/ Dan\u00e7a \/ Curitiba \/ Paran\u00e1","url":"https:\/\/giulianozampieri.com.br\/blog\/","logo":{"@type":"ImageObject","inLanguage":"pt-BR","@id":"https:\/\/giulianozampieri.com.br\/blog\/#\/schema\/logo\/image\/","url":"https:\/\/giulianozampieri.com.br\/blog\/wp-content\/uploads\/2023\/04\/cropped-cropped-giulianozampieri-marca.png","contentUrl":"https:\/\/giulianozampieri.com.br\/blog\/wp-content\/uploads\/2023\/04\/cropped-cropped-giulianozampieri-marca.png","width":100,"height":100,"caption":"Giuliano Zampieri \/ Dan\u00e7a \/ Curitiba \/ Paran\u00e1"},"image":{"@id":"https:\/\/giulianozampieri.com.br\/blog\/#\/schema\/logo\/image\/"}}]}},"_links":{"self":[{"href":"https:\/\/giulianozampieri.com.br\/blog\/wp-json\/wp\/v2\/pages\/12","targetHints":{"allow":["GET"]}}],"collection":[{"href":"https:\/\/giulianozampieri.com.br\/blog\/wp-json\/wp\/v2\/pages"}],"about":[{"href":"https:\/\/giulianozampieri.com.br\/blog\/wp-json\/wp\/v2\/types\/page"}],"author":[{"embeddable":true,"href":"https:\/\/giulianozampieri.com.br\/blog\/wp-json\/wp\/v2\/users\/1"}],"replies":[{"embeddable":true,"href":"https:\/\/giulianozampieri.com.br\/blog\/wp-json\/wp\/v2\/comments?post=12"}],"version-history":[{"count":6,"href":"https:\/\/giulianozampieri.com.br\/blog\/wp-json\/wp\/v2\/pages\/12\/revisions"}],"predecessor-version":[{"id":5373,"href":"https:\/\/giulianozampieri.com.br\/blog\/wp-json\/wp\/v2\/pages\/12\/revisions\/5373"}],"wp:attachment":[{"href":"https:\/\/giulianozampieri.com.br\/blog\/wp-json\/wp\/v2\/media?parent=12"}],"curies":[{"name":"wp","href":"https:\/\/api.w.org\/{rel}","templated":true}]}}